{"id":1797,"date":"2023-05-23T13:03:56","date_gmt":"2023-05-23T17:03:56","guid":{"rendered":"https:\/\/janeesefordc.com\/about\/"},"modified":"2026-02-13T15:12:04","modified_gmt":"2026-02-13T20:12:04","slug":"conozca-a-janeese","status":"publish","type":"page","link":"https:\/\/janeesefordc.com\/es\/conozca-a-janeese\/","title":{"rendered":"Conozca a Janeese"},"content":{"rendered":"\n<div class=\"wp-block-group alignfull has-lavender-background-color has-background\"><div class=\"wp-block-group__inner-container is-layout-constrained wp-block-group-is-layout-constrained\">\n<div class=\"wp-block-media-text alignwide has-media-on-the-right is-stacked-on-mobile is-vertically-aligned-center\"><div class=\"wp-block-media-text__content\">\n<p>Soy <strong>Janeese Lewis George<\/strong>, concejala del Distrito 4 de DC. Soy hija de una trabajadora postal sindicalizada, tercera generaci\u00f3n Washingtoniana criada en el Distrito 4. Me enorgullece haberme graduado de las escuelas p\u00fablicas de DC (Escuela Primaria Cuno H. Rudolph, Escuela Secundaria Alice Deal y School Without Walls), as\u00ed como de la Facultad de Derecho de la Universidad Howard. A partir de 2014, ocup\u00e9 el cargo de fiscal general adjunta de DC en la Secci\u00f3n de Menores de la Divisi\u00f3n de Seguridad P\u00fablica, bajo la direcci\u00f3n del fiscal general Karl A. Racine. Fui elegida para el Consejo de DC en 2020.\u00a0\u00a0\u00a0\u00a0\u00a0\u00a0\u00a0\u00a0<\/p>\n<\/div><figure class=\"wp-block-media-text__media\"><img loading=\"lazy\" decoding=\"async\" width=\"1024\" height=\"683\" src=\"https:\/\/janeesefordc.com\/wp-content\/uploads\/2025\/11\/famcandid-1024x683.png\" alt=\"Family photo\" class=\"wp-image-1533 size-full\" srcset=\"https:\/\/janeesefordc.com\/wp-content\/uploads\/2025\/11\/famcandid-300x200.png 300w, https:\/\/janeesefordc.com\/wp-content\/uploads\/2025\/11\/famcandid-600x400.png 600w, https:\/\/janeesefordc.com\/wp-content\/uploads\/2025\/11\/famcandid-768x512.png 768w, https:\/\/janeesefordc.com\/wp-content\/uploads\/2025\/11\/famcandid-1024x683.png 1024w, https:\/\/janeesefordc.com\/wp-content\/uploads\/2025\/11\/famcandid-1536x1024.png 1536w, https:\/\/janeesefordc.com\/wp-content\/uploads\/2025\/11\/famcandid-2048x1366.png 2048w\" sizes=\"auto, (max-width: 1024px) 100vw, 1024px\" \/><\/figure><\/div>\n<\/div><\/div>\n\n\n\n<h2 class=\"wp-block-heading\">Ni comprada, ni controlada<\/h2>\n\n\n\n<p>Lucho por las familias trabajadoras porque conozco de primera mano a lo que se enfrentan los y las trabajadores\/as de DC. Como concejala, he luchado contra los aumentos irrazonables de los alquileres porque, cuando era ni\u00f1a, mi familia tuvo que dejar el hogar en donde crec\u00ed debido al aumento del alquiler. He votado a favor de los aumentos salariales para la clase trabajadora y he reforzado las protecciones para los y las trabajadores\/as porque un buen trabajo sindical con un salario justo es lo que puso la comida en la mesa de mi familia. Ampli\u00e9 la licencia familiar remunerada porque, cuando mi pap\u00e1 se enferm\u00f3, yo me tom\u00e9 un tiempo libre para cuidarlo y todo el mundo deber\u00eda poder hacer lo mismo por sus seres queridos.<\/p>\n\n\n\n<figure class=\"wp-block-gallery alignwide has-nested-images columns-default is-cropped wp-block-gallery-1 is-layout-flex wp-block-gallery-is-layout-flex\">\n<figure class=\"wp-block-image size-full\"><img loading=\"lazy\" decoding=\"async\" width=\"1284\" height=\"1262\" data-id=\"1535\" src=\"https:\/\/janeesefordc.com\/wp-content\/uploads\/2025\/11\/oldfamphoto.png\" alt=\"Old family portrait\" class=\"wp-image-1535\" srcset=\"https:\/\/janeesefordc.com\/wp-content\/uploads\/2025\/11\/oldfamphoto-300x295.png 300w, https:\/\/janeesefordc.com\/wp-content\/uploads\/2025\/11\/oldfamphoto-600x590.png 600w, https:\/\/janeesefordc.com\/wp-content\/uploads\/2025\/11\/oldfamphoto-768x755.png 768w, https:\/\/janeesefordc.com\/wp-content\/uploads\/2025\/11\/oldfamphoto-1024x1006.png 1024w, https:\/\/janeesefordc.com\/wp-content\/uploads\/2025\/11\/oldfamphoto.png 1284w\" sizes=\"auto, (max-width: 1284px) 100vw, 1284px\" \/><\/figure>\n\n\n\n<figure class=\"wp-block-image size-full\"><img loading=\"lazy\" decoding=\"async\" width=\"1088\" height=\"786\" data-id=\"1447\" src=\"https:\/\/janeesefordc.com\/wp-content\/uploads\/2025\/11\/Mask-Group-6.png\" alt=\"\" class=\"wp-image-1447\" srcset=\"https:\/\/janeesefordc.com\/wp-content\/uploads\/2025\/11\/Mask-Group-6-300x217.png 300w, https:\/\/janeesefordc.com\/wp-content\/uploads\/2025\/11\/Mask-Group-6-600x433.png 600w, https:\/\/janeesefordc.com\/wp-content\/uploads\/2025\/11\/Mask-Group-6-768x555.png 768w, https:\/\/janeesefordc.com\/wp-content\/uploads\/2025\/11\/Mask-Group-6-1024x740.png 1024w, https:\/\/janeesefordc.com\/wp-content\/uploads\/2025\/11\/Mask-Group-6.png 1088w\" sizes=\"auto, (max-width: 1088px) 100vw, 1088px\" \/><\/figure>\n\n\n\n<figure class=\"wp-block-image size-full\"><img loading=\"lazy\" decoding=\"async\" width=\"1600\" height=\"1067\" data-id=\"1524\" src=\"https:\/\/janeesefordc.com\/wp-content\/uploads\/2025\/11\/karlracine.png\" alt=\"\" class=\"wp-image-1524\" srcset=\"https:\/\/janeesefordc.com\/wp-content\/uploads\/2025\/11\/karlracine-300x200.png 300w, https:\/\/janeesefordc.com\/wp-content\/uploads\/2025\/11\/karlracine-600x400.png 600w, https:\/\/janeesefordc.com\/wp-content\/uploads\/2025\/11\/karlracine-768x512.png 768w, https:\/\/janeesefordc.com\/wp-content\/uploads\/2025\/11\/karlracine-1024x683.png 1024w, https:\/\/janeesefordc.com\/wp-content\/uploads\/2025\/11\/karlracine-1536x1024.png 1536w, https:\/\/janeesefordc.com\/wp-content\/uploads\/2025\/11\/karlracine.png 1600w\" sizes=\"auto, (max-width: 1600px) 100vw, 1600px\" \/><\/figure>\n<\/figure>\n\n\n\n<figure class=\"wp-block-image alignfull size-full banner-over\"><img loading=\"lazy\" decoding=\"async\" width=\"2560\" height=\"314\" src=\"https:\/\/janeesefordc.com\/wp-content\/uploads\/2025\/11\/purple_banner.png\" alt=\"For the People of DC\" class=\"wp-image-1424\" srcset=\"https:\/\/janeesefordc.com\/wp-content\/uploads\/2025\/11\/purple_banner-300x37.png 300w, https:\/\/janeesefordc.com\/wp-content\/uploads\/2025\/11\/purple_banner-600x74.png 600w, https:\/\/janeesefordc.com\/wp-content\/uploads\/2025\/11\/purple_banner-768x94.png 768w, https:\/\/janeesefordc.com\/wp-content\/uploads\/2025\/11\/purple_banner-1024x126.png 1024w, https:\/\/janeesefordc.com\/wp-content\/uploads\/2025\/11\/purple_banner-1536x188.png 1536w, https:\/\/janeesefordc.com\/wp-content\/uploads\/2025\/11\/purple_banner-2048x251.png 2048w, https:\/\/janeesefordc.com\/wp-content\/uploads\/2025\/11\/purple_banner.png 2560w\" sizes=\"auto, (max-width: 2560px) 100vw, 2560px\" \/><\/figure>\n\n\n\n<p>Como concejala, me propuse estar siempre del lado de los y las habitantes, los y las trabajadores\/as y las familias de DC. Impuls\u00e9 una legislaci\u00f3n que aument\u00f3 los salarios de los y las educadores\/as de la primera infancia, cre\u00f3 buenos empleos para los y las trabajadores\/as de la construcci\u00f3n y el comercio minorista, puso fin al salario menos del m\u00ednimo para los y las trabajadores\/as de restaurantes, aument\u00f3 la ayuda alimentaria SNAP para familias y personas mayores y mejor\u00f3 la seguridad vial en los alrededores de las escuelas. Como fiscal general adjunta, luch\u00e9 para garantizar la justicia para las v\u00edctimas de delitos violentos y cre\u00e9 programas para que los y las j\u00f3venes de DC volvieran al buen camino. Como alcaldesa, siempre estar\u00e9 del lado de los y las trabajadores\/as para hacer que DC sea una ciudad segura y asequible, y crear\u00e9 un gobierno que escuche y responda a las necesidades de los y las habitantes de los ocho distritos. Entiendo la urgencia del momento y el poder que tiene DC para mejorar la vida de todos y todas.<\/p>\n\n\n\n<figure class=\"wp-block-gallery alignwide has-nested-images columns-2 is-cropped wp-block-gallery-2 is-layout-flex wp-block-gallery-is-layout-flex\">\n<figure class=\"wp-block-image size-full\"><img loading=\"lazy\" decoding=\"async\" width=\"2200\" height=\"1467\" data-id=\"1520\" src=\"https:\/\/janeesefordc.com\/wp-content\/uploads\/2025\/11\/embrace.png\" alt=\"\" class=\"wp-image-1520\" srcset=\"https:\/\/janeesefordc.com\/wp-content\/uploads\/2025\/11\/embrace-300x200.png 300w, https:\/\/janeesefordc.com\/wp-content\/uploads\/2025\/11\/embrace-600x400.png 600w, https:\/\/janeesefordc.com\/wp-content\/uploads\/2025\/11\/embrace-768x512.png 768w, https:\/\/janeesefordc.com\/wp-content\/uploads\/2025\/11\/embrace-1024x683.png 1024w, https:\/\/janeesefordc.com\/wp-content\/uploads\/2025\/11\/embrace-1536x1024.png 1536w, https:\/\/janeesefordc.com\/wp-content\/uploads\/2025\/11\/embrace-2048x1366.png 2048w, https:\/\/janeesefordc.com\/wp-content\/uploads\/2025\/11\/embrace.png 2200w\" sizes=\"auto, (max-width: 2200px) 100vw, 2200px\" \/><\/figure>\n\n\n\n<figure class=\"wp-block-image size-full\"><img loading=\"lazy\" decoding=\"async\" width=\"2200\" height=\"1467\" data-id=\"1523\" src=\"https:\/\/janeesefordc.com\/wp-content\/uploads\/2025\/11\/uniontemple.png\" alt=\"\" class=\"wp-image-1523\" srcset=\"https:\/\/janeesefordc.com\/wp-content\/uploads\/2025\/11\/uniontemple-300x200.png 300w, https:\/\/janeesefordc.com\/wp-content\/uploads\/2025\/11\/uniontemple-600x400.png 600w, https:\/\/janeesefordc.com\/wp-content\/uploads\/2025\/11\/uniontemple-768x512.png 768w, https:\/\/janeesefordc.com\/wp-content\/uploads\/2025\/11\/uniontemple-1024x683.png 1024w, https:\/\/janeesefordc.com\/wp-content\/uploads\/2025\/11\/uniontemple-1536x1024.png 1536w, https:\/\/janeesefordc.com\/wp-content\/uploads\/2025\/11\/uniontemple-2048x1366.png 2048w, https:\/\/janeesefordc.com\/wp-content\/uploads\/2025\/11\/uniontemple.png 2200w\" sizes=\"auto, (max-width: 2200px) 100vw, 2200px\" \/><\/figure>\n\n\n\n<figure class=\"wp-block-image size-full\"><img loading=\"lazy\" decoding=\"async\" width=\"1109\" height=\"846\" data-id=\"1546\" src=\"https:\/\/janeesefordc.com\/wp-content\/uploads\/2025\/11\/grad.png\" alt=\"\" class=\"wp-image-1546\" srcset=\"https:\/\/janeesefordc.com\/wp-content\/uploads\/2025\/11\/grad-300x229.png 300w, https:\/\/janeesefordc.com\/wp-content\/uploads\/2025\/11\/grad-600x458.png 600w, https:\/\/janeesefordc.com\/wp-content\/uploads\/2025\/11\/grad-768x586.png 768w, https:\/\/janeesefordc.com\/wp-content\/uploads\/2025\/11\/grad-1024x781.png 1024w, https:\/\/janeesefordc.com\/wp-content\/uploads\/2025\/11\/grad.png 1109w\" sizes=\"auto, (max-width: 1109px) 100vw, 1109px\" \/><\/figure>\n\n\n\n<figure class=\"wp-block-image size-full\"><img loading=\"lazy\" decoding=\"async\" width=\"1600\" height=\"1200\" data-id=\"1538\" src=\"https:\/\/janeesefordc.com\/wp-content\/uploads\/2025\/11\/IMG_4263.png\" alt=\"\" class=\"wp-image-1538\" srcset=\"https:\/\/janeesefordc.com\/wp-content\/uploads\/2025\/11\/IMG_4263-300x225.png 300w, https:\/\/janeesefordc.com\/wp-content\/uploads\/2025\/11\/IMG_4263-600x450.png 600w, https:\/\/janeesefordc.com\/wp-content\/uploads\/2025\/11\/IMG_4263-768x576.png 768w, https:\/\/janeesefordc.com\/wp-content\/uploads\/2025\/11\/IMG_4263-1024x768.png 1024w, https:\/\/janeesefordc.com\/wp-content\/uploads\/2025\/11\/IMG_4263-1536x1152.png 1536w, https:\/\/janeesefordc.com\/wp-content\/uploads\/2025\/11\/IMG_4263.png 1600w\" sizes=\"auto, (max-width: 1600px) 100vw, 1600px\" \/><\/figure>\n<\/figure>\n\n\n\n<figure class=\"wp-block-image alignfull size-full banner-over\"><img loading=\"lazy\" decoding=\"async\" width=\"2560\" height=\"371\" src=\"https:\/\/janeesefordc.com\/wp-content\/uploads\/2025\/11\/green_banner.png\" alt=\"For the People of DC\" class=\"wp-image-1404\" srcset=\"https:\/\/janeesefordc.com\/wp-content\/uploads\/2025\/11\/green_banner-300x43.png 300w, https:\/\/janeesefordc.com\/wp-content\/uploads\/2025\/11\/green_banner-600x87.png 600w, https:\/\/janeesefordc.com\/wp-content\/uploads\/2025\/11\/green_banner-768x111.png 768w, https:\/\/janeesefordc.com\/wp-content\/uploads\/2025\/11\/green_banner-1024x148.png 1024w, https:\/\/janeesefordc.com\/wp-content\/uploads\/2025\/11\/green_banner-1536x223.png 1536w, https:\/\/janeesefordc.com\/wp-content\/uploads\/2025\/11\/green_banner-2048x297.png 2048w, https:\/\/janeesefordc.com\/wp-content\/uploads\/2025\/11\/green_banner.png 2560w\" sizes=\"auto, (max-width: 2560px) 100vw, 2560px\" \/><\/figure>\n","protected":false},"excerpt":{"rendered":"<p>Soy Janeese Lewis George, concejala del Distrito 4 de DC. Soy hija de una trabajadora postal sindicalizada, tercera generaci\u00f3n Washingtoniana criada en el Distrito 4. Me enorgullece haberme graduado de las escuelas p\u00fablicas de DC (Escuela&nbsp;&hellip;<\/p>\n","protected":false},"author":1,"featured_media":0,"parent":0,"menu_order":0,"comment_status":"closed","ping_status":"closed","template":"","meta":{"_acf_changed":false,"footnotes":""},"class_list":["post-1797","page","type-page","status-publish","hentry"],"acf":[],"yoast_head":"<!-- This site is optimized with the Yoast SEO plugin v27.3 - https:\/\/yoast.com\/product\/yoast-seo-wordpress\/ -->\n<title>Conozca a Janeese | Janeese Lewis George para DC Mayor<\/title>\n<meta name=\"description\" content=\"The District needs to work for the people. Not for the few, but the many. For us. The daughter of a union postal worker, Janeese Lewis George...\" \/>\n<meta name=\"robots\" content=\"index, follow, max-snippet:-1, max-image-preview:large, max-video-preview:-1\" \/>\n<link rel=\"canonical\" href=\"https:\/\/janeesefordc.com\/es\/conozca-a-janeese\/\" \/>\n<meta property=\"og:locale\" content=\"es_ES\" \/>\n<meta property=\"og:type\" content=\"article\" \/>\n<meta property=\"og:title\" content=\"Conozca a Janeese | Janeese Lewis George para DC Mayor\" \/>\n<meta property=\"og:description\" content=\"The District needs to work for the people. Not for the few, but the many. For us. The daughter of a union postal worker, Janeese Lewis George...\" \/>\n<meta property=\"og:url\" content=\"https:\/\/janeesefordc.com\/es\/conozca-a-janeese\/\" \/>\n<meta property=\"og:site_name\" content=\"Janeese Lewis George para DC Mayor\" \/>\n<meta property=\"article:modified_time\" content=\"2026-02-13T20:12:04+00:00\" \/>\n<meta property=\"og:image\" content=\"https:\/\/janeesefordc.com\/wp-content\/uploads\/2025\/12\/JLG-Launch-Meta-1200x630-21-2.png\" \/>\n\t<meta property=\"og:image:width\" content=\"1200\" \/>\n\t<meta property=\"og:image:height\" content=\"630\" \/>\n\t<meta property=\"og:image:type\" content=\"image\/png\" \/>\n<meta name=\"twitter:card\" content=\"summary_large_image\" \/>\n<script type=\"application\/ld+json\" class=\"yoast-schema-graph\">{\"@context\":\"https:\\\/\\\/schema.org\",\"@graph\":[{\"@type\":\"WebPage\",\"@id\":\"https:\\\/\\\/janeesefordc.com\\\/es\\\/conozca-a-janeese\\\/\",\"url\":\"https:\\\/\\\/janeesefordc.com\\\/es\\\/conozca-a-janeese\\\/\",\"name\":\"Conozca a Janeese | Janeese Lewis George para DC Mayor\",\"isPartOf\":{\"@id\":\"https:\\\/\\\/janeesefordc.com\\\/es\\\/#website\"},\"primaryImageOfPage\":{\"@id\":\"https:\\\/\\\/janeesefordc.com\\\/es\\\/conozca-a-janeese\\\/#primaryimage\"},\"image\":{\"@id\":\"https:\\\/\\\/janeesefordc.com\\\/es\\\/conozca-a-janeese\\\/#primaryimage\"},\"thumbnailUrl\":\"https:\\\/\\\/janeesefordc.com\\\/wp-content\\\/uploads\\\/2025\\\/11\\\/famcandid-1024x683.png\",\"datePublished\":\"2023-05-23T17:03:56+00:00\",\"dateModified\":\"2026-02-13T20:12:04+00:00\",\"description\":\"The District needs to work for the people. Not for the few, but the many. For us. The daughter of a union postal worker, Janeese Lewis George...\",\"breadcrumb\":{\"@id\":\"https:\\\/\\\/janeesefordc.com\\\/es\\\/conozca-a-janeese\\\/#breadcrumb\"},\"inLanguage\":\"es\",\"potentialAction\":[{\"@type\":\"ReadAction\",\"target\":[\"https:\\\/\\\/janeesefordc.com\\\/es\\\/conozca-a-janeese\\\/\"]}]},{\"@type\":\"ImageObject\",\"inLanguage\":\"es\",\"@id\":\"https:\\\/\\\/janeesefordc.com\\\/es\\\/conozca-a-janeese\\\/#primaryimage\",\"url\":\"https:\\\/\\\/janeesefordc.com\\\/wp-content\\\/uploads\\\/2025\\\/11\\\/famcandid-1024x683.png\",\"contentUrl\":\"https:\\\/\\\/janeesefordc.com\\\/wp-content\\\/uploads\\\/2025\\\/11\\\/famcandid-1024x683.png\"},{\"@type\":\"BreadcrumbList\",\"@id\":\"https:\\\/\\\/janeesefordc.com\\\/es\\\/conozca-a-janeese\\\/#breadcrumb\",\"itemListElement\":[{\"@type\":\"ListItem\",\"position\":1,\"name\":\"Home\",\"item\":\"https:\\\/\\\/janeesefordc.com\\\/es\\\/\"},{\"@type\":\"ListItem\",\"position\":2,\"name\":\"Conozca a Janeese\"}]},{\"@type\":\"WebSite\",\"@id\":\"https:\\\/\\\/janeesefordc.com\\\/es\\\/#website\",\"url\":\"https:\\\/\\\/janeesefordc.com\\\/es\\\/\",\"name\":\"Janeese Lewis George para DC Mayor\",\"description\":\"Sitio web oficial de la campa\u00f1a\",\"alternateName\":\"Janeese for DC\",\"potentialAction\":[{\"@type\":\"SearchAction\",\"target\":{\"@type\":\"EntryPoint\",\"urlTemplate\":\"https:\\\/\\\/janeesefordc.com\\\/es\\\/?s={search_term_string}\"},\"query-input\":{\"@type\":\"PropertyValueSpecification\",\"valueRequired\":true,\"valueName\":\"search_term_string\"}}],\"inLanguage\":\"es\"}]}<\/script>\n<!-- \/ Yoast SEO plugin. -->","yoast_head_json":{"title":"Conozca a Janeese | Janeese Lewis George para DC Mayor","description":"The District needs to work for the people. Not for the few, but the many. For us. The daughter of a union postal worker, Janeese Lewis George...","robots":{"index":"index","follow":"follow","max-snippet":"max-snippet:-1","max-image-preview":"max-image-preview:large","max-video-preview":"max-video-preview:-1"},"canonical":"https:\/\/janeesefordc.com\/es\/conozca-a-janeese\/","og_locale":"es_ES","og_type":"article","og_title":"Conozca a Janeese | Janeese Lewis George para DC Mayor","og_description":"The District needs to work for the people. Not for the few, but the many. For us. The daughter of a union postal worker, Janeese Lewis George...","og_url":"https:\/\/janeesefordc.com\/es\/conozca-a-janeese\/","og_site_name":"Janeese Lewis George para DC Mayor","article_modified_time":"2026-02-13T20:12:04+00:00","og_image":[{"width":1200,"height":630,"url":"https:\/\/janeesefordc.com\/wp-content\/uploads\/2025\/12\/JLG-Launch-Meta-1200x630-21-2.png","type":"image\/png"}],"twitter_card":"summary_large_image","schema":{"@context":"https:\/\/schema.org","@graph":[{"@type":"WebPage","@id":"https:\/\/janeesefordc.com\/es\/conozca-a-janeese\/","url":"https:\/\/janeesefordc.com\/es\/conozca-a-janeese\/","name":"Conozca a Janeese | Janeese Lewis George para DC Mayor","isPartOf":{"@id":"https:\/\/janeesefordc.com\/es\/#website"},"primaryImageOfPage":{"@id":"https:\/\/janeesefordc.com\/es\/conozca-a-janeese\/#primaryimage"},"image":{"@id":"https:\/\/janeesefordc.com\/es\/conozca-a-janeese\/#primaryimage"},"thumbnailUrl":"https:\/\/janeesefordc.com\/wp-content\/uploads\/2025\/11\/famcandid-1024x683.png","datePublished":"2023-05-23T17:03:56+00:00","dateModified":"2026-02-13T20:12:04+00:00","description":"The District needs to work for the people. Not for the few, but the many. For us. The daughter of a union postal worker, Janeese Lewis George...","breadcrumb":{"@id":"https:\/\/janeesefordc.com\/es\/conozca-a-janeese\/#breadcrumb"},"inLanguage":"es","potentialAction":[{"@type":"ReadAction","target":["https:\/\/janeesefordc.com\/es\/conozca-a-janeese\/"]}]},{"@type":"ImageObject","inLanguage":"es","@id":"https:\/\/janeesefordc.com\/es\/conozca-a-janeese\/#primaryimage","url":"https:\/\/janeesefordc.com\/wp-content\/uploads\/2025\/11\/famcandid-1024x683.png","contentUrl":"https:\/\/janeesefordc.com\/wp-content\/uploads\/2025\/11\/famcandid-1024x683.png"},{"@type":"BreadcrumbList","@id":"https:\/\/janeesefordc.com\/es\/conozca-a-janeese\/#breadcrumb","itemListElement":[{"@type":"ListItem","position":1,"name":"Home","item":"https:\/\/janeesefordc.com\/es\/"},{"@type":"ListItem","position":2,"name":"Conozca a Janeese"}]},{"@type":"WebSite","@id":"https:\/\/janeesefordc.com\/es\/#website","url":"https:\/\/janeesefordc.com\/es\/","name":"Janeese Lewis George para DC Mayor","description":"Sitio web oficial de la campa\u00f1a","alternateName":"Janeese for DC","potentialAction":[{"@type":"SearchAction","target":{"@type":"EntryPoint","urlTemplate":"https:\/\/janeesefordc.com\/es\/?s={search_term_string}"},"query-input":{"@type":"PropertyValueSpecification","valueRequired":true,"valueName":"search_term_string"}}],"inLanguage":"es"}]}},"_links":{"self":[{"href":"https:\/\/janeesefordc.com\/es\/wp-json\/wp\/v2\/pages\/1797","targetHints":{"allow":["GET"]}}],"collection":[{"href":"https:\/\/janeesefordc.com\/es\/wp-json\/wp\/v2\/pages"}],"about":[{"href":"https:\/\/janeesefordc.com\/es\/wp-json\/wp\/v2\/types\/page"}],"author":[{"embeddable":true,"href":"https:\/\/janeesefordc.com\/es\/wp-json\/wp\/v2\/users\/1"}],"replies":[{"embeddable":true,"href":"https:\/\/janeesefordc.com\/es\/wp-json\/wp\/v2\/comments?post=1797"}],"version-history":[{"count":2,"href":"https:\/\/janeesefordc.com\/es\/wp-json\/wp\/v2\/pages\/1797\/revisions"}],"predecessor-version":[{"id":1831,"href":"https:\/\/janeesefordc.com\/es\/wp-json\/wp\/v2\/pages\/1797\/revisions\/1831"}],"wp:attachment":[{"href":"https:\/\/janeesefordc.com\/es\/wp-json\/wp\/v2\/media?parent=1797"}],"curies":[{"name":"wp","href":"https:\/\/api.w.org\/{rel}","templated":true}]}}