{"id":1815,"date":"2023-05-23T13:07:06","date_gmt":"2023-05-23T17:07:06","guid":{"rendered":"https:\/\/janeesefordc.com\/people-first-platform\/"},"modified":"2026-02-13T15:24:33","modified_gmt":"2026-02-13T20:24:33","slug":"plataforma","status":"publish","type":"page","link":"https:\/\/janeesefordc.com\/es\/plataforma\/","title":{"rendered":"Plataforma"},"content":{"rendered":"\n<p>Janeese Lewis George se postula a la alcald\u00eda de DC porque sabe que DC es demasiado caro, desde la vivienda hasta el cuidado infantil. Ella tambi\u00e9n ha sentido la presi\u00f3n y est\u00e1 lista para hacer algo al respecto. Sabe que podemos abordar los problemas que enfrentan los y las residentes de DC aprovechando estrat\u00e9gica y eficazmente todo lo que el gobierno puede ofrecer y hacer. Lewis George colaborar\u00e1 con quien sea para mejorar la vida de los y las habitantes de DC y se enfrentar\u00e1 a cualquiera que perjudique a nuestros\/as residentes.<\/p>\n\n\n\n<hr class=\"wp-block-separator has-alpha-channel-opacity is-style-default\"\/>\n","protected":false},"excerpt":{"rendered":"<p>Janeese Lewis George se postula a la alcald\u00eda de DC porque sabe que DC es demasiado caro, desde la vivienda hasta el cuidado infantil. Ella tambi\u00e9n ha sentido la presi\u00f3n y est\u00e1 lista para hacer algo&nbsp;&hellip;<\/p>\n","protected":false},"author":1,"featured_media":0,"parent":0,"menu_order":0,"comment_status":"closed","ping_status":"closed","template":"page-priorities.php","meta":{"_acf_changed":false,"footnotes":""},"class_list":["post-1815","page","type-page","status-publish","hentry"],"acf":[],"yoast_head":"<!-- This site is optimized with the Yoast SEO plugin v27.1.1 - https:\/\/yoast.com\/product\/yoast-seo-wordpress\/ -->\n<title>Plataforma | Janeese Lewis George para DC Mayor<\/title>\n<meta name=\"robots\" content=\"index, follow, max-snippet:-1, max-image-preview:large, max-video-preview:-1\" \/>\n<link rel=\"canonical\" href=\"https:\/\/janeesefordc.com\/es\/plataforma\/\" \/>\n<meta property=\"og:locale\" content=\"es_ES\" \/>\n<meta property=\"og:type\" content=\"article\" \/>\n<meta property=\"og:title\" content=\"Plataforma | Janeese Lewis George para DC Mayor\" \/>\n<meta property=\"og:description\" content=\"Janeese Lewis George se postula a la alcald\u00eda de DC porque sabe que DC es demasiado caro, desde la vivienda hasta el cuidado infantil. Ella tambi\u00e9n ha sentido la presi\u00f3n y est\u00e1 lista para hacer algo&nbsp;&hellip;\" \/>\n<meta property=\"og:url\" content=\"https:\/\/janeesefordc.com\/es\/plataforma\/\" \/>\n<meta property=\"og:site_name\" content=\"Janeese Lewis George para DC Mayor\" \/>\n<meta property=\"article:modified_time\" content=\"2026-02-13T20:24:33+00:00\" \/>\n<meta property=\"og:image\" content=\"https:\/\/janeesefordc.com\/wp-content\/uploads\/2025\/12\/JLG-Launch-Meta-1200x630-21-2.png\" \/>\n\t<meta property=\"og:image:width\" content=\"1200\" \/>\n\t<meta property=\"og:image:height\" content=\"630\" \/>\n\t<meta property=\"og:image:type\" content=\"image\/png\" \/>\n<meta name=\"twitter:card\" content=\"summary_large_image\" \/>\n<script type=\"application\/ld+json\" class=\"yoast-schema-graph\">{\"@context\":\"https:\/\/schema.org\",\"@graph\":[{\"@type\":\"WebPage\",\"@id\":\"https:\/\/janeesefordc.com\/es\/plataforma\/\",\"url\":\"https:\/\/janeesefordc.com\/es\/plataforma\/\",\"name\":\"Plataforma | Janeese Lewis George para DC Mayor\",\"isPartOf\":{\"@id\":\"https:\/\/janeesefordc.com\/es\/#website\"},\"datePublished\":\"2023-05-23T17:07:06+00:00\",\"dateModified\":\"2026-02-13T20:24:33+00:00\",\"breadcrumb\":{\"@id\":\"https:\/\/janeesefordc.com\/es\/plataforma\/#breadcrumb\"},\"inLanguage\":\"es\",\"potentialAction\":[{\"@type\":\"ReadAction\",\"target\":[\"https:\/\/janeesefordc.com\/es\/plataforma\/\"]}]},{\"@type\":\"BreadcrumbList\",\"@id\":\"https:\/\/janeesefordc.com\/es\/plataforma\/#breadcrumb\",\"itemListElement\":[{\"@type\":\"ListItem\",\"position\":1,\"name\":\"Home\",\"item\":\"https:\/\/janeesefordc.com\/es\/\"},{\"@type\":\"ListItem\",\"position\":2,\"name\":\"Plataforma\"}]},{\"@type\":\"WebSite\",\"@id\":\"https:\/\/janeesefordc.com\/es\/#website\",\"url\":\"https:\/\/janeesefordc.com\/es\/\",\"name\":\"Janeese Lewis George para DC Mayor\",\"description\":\"Sitio web oficial de la campa\u00f1a\",\"alternateName\":\"Janeese for DC\",\"potentialAction\":[{\"@type\":\"SearchAction\",\"target\":{\"@type\":\"EntryPoint\",\"urlTemplate\":\"https:\/\/janeesefordc.com\/es\/?s={search_term_string}\"},\"query-input\":{\"@type\":\"PropertyValueSpecification\",\"valueRequired\":true,\"valueName\":\"search_term_string\"}}],\"inLanguage\":\"es\"}]}<\/script>\n<!-- \/ Yoast SEO plugin. -->","yoast_head_json":{"title":"Plataforma | Janeese Lewis George para DC Mayor","robots":{"index":"index","follow":"follow","max-snippet":"max-snippet:-1","max-image-preview":"max-image-preview:large","max-video-preview":"max-video-preview:-1"},"canonical":"https:\/\/janeesefordc.com\/es\/plataforma\/","og_locale":"es_ES","og_type":"article","og_title":"Plataforma | Janeese Lewis George para DC Mayor","og_description":"Janeese Lewis George se postula a la alcald\u00eda de DC porque sabe que DC es demasiado caro, desde la vivienda hasta el cuidado infantil. Ella tambi\u00e9n ha sentido la presi\u00f3n y est\u00e1 lista para hacer algo&nbsp;&hellip;","og_url":"https:\/\/janeesefordc.com\/es\/plataforma\/","og_site_name":"Janeese Lewis George para DC Mayor","article_modified_time":"2026-02-13T20:24:33+00:00","og_image":[{"width":1200,"height":630,"url":"https:\/\/janeesefordc.com\/wp-content\/uploads\/2025\/12\/JLG-Launch-Meta-1200x630-21-2.png","type":"image\/png"}],"twitter_card":"summary_large_image","schema":{"@context":"https:\/\/schema.org","@graph":[{"@type":"WebPage","@id":"https:\/\/janeesefordc.com\/es\/plataforma\/","url":"https:\/\/janeesefordc.com\/es\/plataforma\/","name":"Plataforma | Janeese Lewis George para DC Mayor","isPartOf":{"@id":"https:\/\/janeesefordc.com\/es\/#website"},"datePublished":"2023-05-23T17:07:06+00:00","dateModified":"2026-02-13T20:24:33+00:00","breadcrumb":{"@id":"https:\/\/janeesefordc.com\/es\/plataforma\/#breadcrumb"},"inLanguage":"es","potentialAction":[{"@type":"ReadAction","target":["https:\/\/janeesefordc.com\/es\/plataforma\/"]}]},{"@type":"BreadcrumbList","@id":"https:\/\/janeesefordc.com\/es\/plataforma\/#breadcrumb","itemListElement":[{"@type":"ListItem","position":1,"name":"Home","item":"https:\/\/janeesefordc.com\/es\/"},{"@type":"ListItem","position":2,"name":"Plataforma"}]},{"@type":"WebSite","@id":"https:\/\/janeesefordc.com\/es\/#website","url":"https:\/\/janeesefordc.com\/es\/","name":"Janeese Lewis George para DC Mayor","description":"Sitio web oficial de la campa\u00f1a","alternateName":"Janeese for DC","potentialAction":[{"@type":"SearchAction","target":{"@type":"EntryPoint","urlTemplate":"https:\/\/janeesefordc.com\/es\/?s={search_term_string}"},"query-input":{"@type":"PropertyValueSpecification","valueRequired":true,"valueName":"search_term_string"}}],"inLanguage":"es"}]}},"_links":{"self":[{"href":"https:\/\/janeesefordc.com\/es\/wp-json\/wp\/v2\/pages\/1815","targetHints":{"allow":["GET"]}}],"collection":[{"href":"https:\/\/janeesefordc.com\/es\/wp-json\/wp\/v2\/pages"}],"about":[{"href":"https:\/\/janeesefordc.com\/es\/wp-json\/wp\/v2\/types\/page"}],"author":[{"embeddable":true,"href":"https:\/\/janeesefordc.com\/es\/wp-json\/wp\/v2\/users\/1"}],"replies":[{"embeddable":true,"href":"https:\/\/janeesefordc.com\/es\/wp-json\/wp\/v2\/comments?post=1815"}],"version-history":[{"count":4,"href":"https:\/\/janeesefordc.com\/es\/wp-json\/wp\/v2\/pages\/1815\/revisions"}],"predecessor-version":[{"id":1844,"href":"https:\/\/janeesefordc.com\/es\/wp-json\/wp\/v2\/pages\/1815\/revisions\/1844"}],"wp:attachment":[{"href":"https:\/\/janeesefordc.com\/es\/wp-json\/wp\/v2\/media?parent=1815"}],"curies":[{"name":"wp","href":"https:\/\/api.w.org\/{rel}","templated":true}]}}